{"id":389,"date":"2023-06-05T13:08:28","date_gmt":"2023-06-05T13:08:28","guid":{"rendered":"http:\/\/bck.rtv-ooe.at\/rtvmeinverein\/?page_id=389"},"modified":"2023-08-11T21:33:46","modified_gmt":"2023-08-11T21:33:46","slug":"wef","status":"publish","type":"page","link":"https:\/\/www.rtvmeinverein.at\/index.php\/wef\/","title":{"rendered":"WEF"},"content":{"rendered":"<ul class=\"wp-block-latest-posts__list is-grid columns-3 wp-block-latest-posts has-base-font-size has-base-font-family\"><li><div class=\"wp-block-latest-posts__featured-image\"><a href=\"https:\/\/www.rtvmeinverein.at\/index.php\/2024\/08\/19\/bill-gates-auch-nutztiere-sollen-zukunftig-mit-mrna-impfstoff-geimpft-werden\/\" aria-label=\"Bill Gates: Auch Nutztiere sollen zuk\u00fcnftig mit mRNA-Impfstoff geimpft werden\"><img width=\"300\" height=\"200\" src=\"https:\/\/www.rtvmeinverein.at\/wp-content\/uploads\/2024\/08\/640px-Bill_Gates_2013-e1724139821864-300x200.jpg\" class=\"attachment-medium size-medium wp-post-image\" alt=\"\" decoding=\"async\" loading=\"lazy\" style=\"max-width:300px;max-height:150px;\" srcset=\"https:\/\/www.rtvmeinverein.at\/wp-content\/uploads\/2024\/08\/640px-Bill_Gates_2013-e1724139821864-300x200.jpg 300w, https:\/\/www.rtvmeinverein.at\/wp-content\/uploads\/2024\/08\/640px-Bill_Gates_2013-e1724139821864.jpg 640w\" sizes=\"(max-width: 300px) 100vw, 300px\" \/><\/a><\/div><a class=\"wp-block-latest-posts__post-title\" href=\"https:\/\/www.rtvmeinverein.at\/index.php\/2024\/08\/19\/bill-gates-auch-nutztiere-sollen-zukunftig-mit-mrna-impfstoff-geimpft-werden\/\">Bill Gates: Auch Nutztiere sollen zuk\u00fcnftig mit mRNA-Impfstoff geimpft werden<\/a><\/li>\n<li><div class=\"wp-block-latest-posts__featured-image\"><a href=\"https:\/\/www.rtvmeinverein.at\/index.php\/2024\/01\/18\/disease-x-wef-schreibt-bereits-von-gefahren-durch-neuen-virus\/\" aria-label=\"Disease X: WEF warnt bereits vor Gefahren durch neue Virus-Erkrankung\"><img width=\"300\" height=\"200\" src=\"https:\/\/www.rtvmeinverein.at\/wp-content\/uploads\/2024\/01\/virus-x-e1705577588402-300x200.png\" class=\"attachment-medium size-medium wp-post-image\" alt=\"\" decoding=\"async\" loading=\"lazy\" style=\"max-width:300px;max-height:150px;\" srcset=\"https:\/\/www.rtvmeinverein.at\/wp-content\/uploads\/2024\/01\/virus-x-e1705577588402-300x200.png 300w, https:\/\/www.rtvmeinverein.at\/wp-content\/uploads\/2024\/01\/virus-x-e1705577588402-1024x682.png 1024w, https:\/\/www.rtvmeinverein.at\/wp-content\/uploads\/2024\/01\/virus-x-e1705577588402-768x512.png 768w, https:\/\/www.rtvmeinverein.at\/wp-content\/uploads\/2024\/01\/virus-x-e1705577588402-1536x1023.png 1536w, https:\/\/www.rtvmeinverein.at\/wp-content\/uploads\/2024\/01\/virus-x-e1705577588402-1170x780.png 1170w, https:\/\/www.rtvmeinverein.at\/wp-content\/uploads\/2024\/01\/virus-x-e1705577588402.png 1660w\" sizes=\"(max-width: 300px) 100vw, 300px\" \/><\/a><\/div><a class=\"wp-block-latest-posts__post-title\" href=\"https:\/\/www.rtvmeinverein.at\/index.php\/2024\/01\/18\/disease-x-wef-schreibt-bereits-von-gefahren-durch-neuen-virus\/\">Disease X: WEF warnt bereits vor Gefahren durch neue Virus-Erkrankung<\/a><\/li>\n<li><div class=\"wp-block-latest-posts__featured-image\"><a href=\"https:\/\/www.rtvmeinverein.at\/index.php\/2023\/09\/23\/transhumanismus-gefahr-fur-die-menschheit\/\" aria-label=\"Transhumanismus: Gefahr f\u00fcr die Menschheit\"><img width=\"300\" height=\"201\" src=\"https:\/\/www.rtvmeinverein.at\/wp-content\/uploads\/2023\/09\/Dr._Klaus_Schwab_Founder_of_the_WEF_24511853176-1-e1695494207795-300x201.jpg\" class=\"attachment-medium size-medium wp-post-image\" alt=\"\" decoding=\"async\" loading=\"lazy\" style=\"max-width:300px;max-height:150px;\" srcset=\"https:\/\/www.rtvmeinverein.at\/wp-content\/uploads\/2023\/09\/Dr._Klaus_Schwab_Founder_of_the_WEF_24511853176-1-e1695494207795-300x201.jpg 300w, https:\/\/www.rtvmeinverein.at\/wp-content\/uploads\/2023\/09\/Dr._Klaus_Schwab_Founder_of_the_WEF_24511853176-1-e1695494207795-1024x685.jpg 1024w, https:\/\/www.rtvmeinverein.at\/wp-content\/uploads\/2023\/09\/Dr._Klaus_Schwab_Founder_of_the_WEF_24511853176-1-e1695494207795-768x514.jpg 768w, https:\/\/www.rtvmeinverein.at\/wp-content\/uploads\/2023\/09\/Dr._Klaus_Schwab_Founder_of_the_WEF_24511853176-1-e1695494207795-1170x783.jpg 1170w, https:\/\/www.rtvmeinverein.at\/wp-content\/uploads\/2023\/09\/Dr._Klaus_Schwab_Founder_of_the_WEF_24511853176-1-e1695494207795.jpg 1395w\" sizes=\"(max-width: 300px) 100vw, 300px\" \/><\/a><\/div><a class=\"wp-block-latest-posts__post-title\" href=\"https:\/\/www.rtvmeinverein.at\/index.php\/2023\/09\/23\/transhumanismus-gefahr-fur-die-menschheit\/\">Transhumanismus: Gefahr f\u00fcr die Menschheit<\/a><\/li>\n<li><div class=\"wp-block-latest-posts__featured-image\"><a href=\"https:\/\/www.rtvmeinverein.at\/index.php\/2023\/09\/15\/einschrankungen-ohne-ende-100-stadte-setzen-masnahmen-des-wef-um\/\" aria-label=\"Einschr\u00e4nkungen ohne Ende: 100 St\u00e4dte setzen Ma\u00dfnahmen des WEF um\"><img width=\"300\" height=\"200\" src=\"https:\/\/www.rtvmeinverein.at\/wp-content\/uploads\/2023\/09\/640px-Bombay22-e1694795324125-300x200.jpg\" class=\"attachment-medium size-medium wp-post-image\" alt=\"\" decoding=\"async\" loading=\"lazy\" style=\"max-width:300px;max-height:150px;\" srcset=\"https:\/\/www.rtvmeinverein.at\/wp-content\/uploads\/2023\/09\/640px-Bombay22-e1694795324125-300x200.jpg 300w, https:\/\/www.rtvmeinverein.at\/wp-content\/uploads\/2023\/09\/640px-Bombay22-e1694795324125.jpg 628w\" sizes=\"(max-width: 300px) 100vw, 300px\" \/><\/a><\/div><a class=\"wp-block-latest-posts__post-title\" href=\"https:\/\/www.rtvmeinverein.at\/index.php\/2023\/09\/15\/einschrankungen-ohne-ende-100-stadte-setzen-masnahmen-des-wef-um\/\">Einschr\u00e4nkungen ohne Ende: 100 St\u00e4dte setzen Ma\u00dfnahmen des WEF um<\/a><\/li>\n<li><div class=\"wp-block-latest-posts__featured-image\"><a href=\"https:\/\/www.rtvmeinverein.at\/index.php\/2023\/09\/08\/was-steckt-hinter-dem-wef\/\" aria-label=\"Was steckt hinter dem WEF?\"><img width=\"300\" height=\"200\" src=\"https:\/\/www.rtvmeinverein.at\/wp-content\/uploads\/2023\/09\/Dr._Klaus_Schwab_Founder_of_the_WEF_24511853176-edited-300x200.jpg\" class=\"attachment-medium size-medium wp-post-image\" alt=\"\" decoding=\"async\" loading=\"lazy\" style=\"max-width:300px;max-height:150px;\" srcset=\"https:\/\/www.rtvmeinverein.at\/wp-content\/uploads\/2023\/09\/Dr._Klaus_Schwab_Founder_of_the_WEF_24511853176-edited-300x200.jpg 300w, https:\/\/www.rtvmeinverein.at\/wp-content\/uploads\/2023\/09\/Dr._Klaus_Schwab_Founder_of_the_WEF_24511853176-edited.jpg 640w\" sizes=\"(max-width: 300px) 100vw, 300px\" \/><\/a><\/div><a class=\"wp-block-latest-posts__post-title\" href=\"https:\/\/www.rtvmeinverein.at\/index.php\/2023\/09\/08\/was-steckt-hinter-dem-wef\/\">Was steckt hinter dem WEF?<\/a><\/li>\n<li><div class=\"wp-block-latest-posts__featured-image\"><a href=\"https:\/\/www.rtvmeinverein.at\/index.php\/2023\/09\/07\/ende-des-bargelds-totale-kontrolle\/\" aria-label=\"Ende des Bargelds: Totale Kontrolle?\"><img width=\"300\" height=\"201\" src=\"https:\/\/www.rtvmeinverein.at\/wp-content\/uploads\/2023\/09\/640px-European_Central_Bank_041107-e1694081195430-300x201.jpg\" class=\"attachment-medium size-medium wp-post-image\" alt=\"\" decoding=\"async\" loading=\"lazy\" style=\"max-width:300px;max-height:150px;\" srcset=\"https:\/\/www.rtvmeinverein.at\/wp-content\/uploads\/2023\/09\/640px-European_Central_Bank_041107-e1694081195430-300x201.jpg 300w, https:\/\/www.rtvmeinverein.at\/wp-content\/uploads\/2023\/09\/640px-European_Central_Bank_041107-e1694081195430.jpg 639w\" sizes=\"(max-width: 300px) 100vw, 300px\" \/><\/a><\/div><a class=\"wp-block-latest-posts__post-title\" href=\"https:\/\/www.rtvmeinverein.at\/index.php\/2023\/09\/07\/ende-des-bargelds-totale-kontrolle\/\">Ende des Bargelds: Totale Kontrolle?<\/a><\/li>\n<li><div class=\"wp-block-latest-posts__featured-image\"><a href=\"https:\/\/www.rtvmeinverein.at\/index.php\/2023\/08\/17\/das-wef-gefahr-durch-zu-viel-macht\/\" aria-label=\"Das WEF: Gefahr durch zu viel Macht\"><img width=\"300\" height=\"200\" src=\"https:\/\/www.rtvmeinverein.at\/wp-content\/uploads\/2023\/08\/Secretary_Kerry_Walks_Off_Stage_After_Concluding_Speech_to_World_Economic_Forum_12120568385-e1692265316832-300x200.jpg\" class=\"attachment-medium size-medium wp-post-image\" alt=\"\" decoding=\"async\" loading=\"lazy\" style=\"max-width:300px;max-height:150px;\" srcset=\"https:\/\/www.rtvmeinverein.at\/wp-content\/uploads\/2023\/08\/Secretary_Kerry_Walks_Off_Stage_After_Concluding_Speech_to_World_Economic_Forum_12120568385-e1692265316832-300x200.jpg 300w, https:\/\/www.rtvmeinverein.at\/wp-content\/uploads\/2023\/08\/Secretary_Kerry_Walks_Off_Stage_After_Concluding_Speech_to_World_Economic_Forum_12120568385-e1692265316832.jpg 627w\" sizes=\"(max-width: 300px) 100vw, 300px\" \/><\/a><\/div><a class=\"wp-block-latest-posts__post-title\" href=\"https:\/\/www.rtvmeinverein.at\/index.php\/2023\/08\/17\/das-wef-gefahr-durch-zu-viel-macht\/\">Das WEF: Gefahr durch zu viel Macht<\/a><\/li>\n<li><div class=\"wp-block-latest-posts__featured-image\"><a href=\"https:\/\/www.rtvmeinverein.at\/index.php\/2023\/08\/14\/freiwilligkeit-genugt-nicht-wef-agenda-2030\/\" aria-label=\"&#8220;Freiwilligkeit gen\u00fcgt nicht&#8221;-WEF-Agenda 2030\"><img width=\"300\" height=\"200\" src=\"https:\/\/www.rtvmeinverein.at\/wp-content\/uploads\/2023\/08\/640px-Comision_Ejecutiva_para_el_Cumplimiento_de_la_Agenda_2030_-i-i-_34501362904-e1692010107782-300x200.jpg\" class=\"attachment-medium size-medium wp-post-image\" alt=\"\" decoding=\"async\" loading=\"lazy\" style=\"max-width:300px;max-height:150px;\" srcset=\"https:\/\/www.rtvmeinverein.at\/wp-content\/uploads\/2023\/08\/640px-Comision_Ejecutiva_para_el_Cumplimiento_de_la_Agenda_2030_-i-i-_34501362904-e1692010107782-300x200.jpg 300w, https:\/\/www.rtvmeinverein.at\/wp-content\/uploads\/2023\/08\/640px-Comision_Ejecutiva_para_el_Cumplimiento_de_la_Agenda_2030_-i-i-_34501362904-e1692010107782.jpg 624w\" sizes=\"(max-width: 300px) 100vw, 300px\" \/><\/a><\/div><a class=\"wp-block-latest-posts__post-title\" href=\"https:\/\/www.rtvmeinverein.at\/index.php\/2023\/08\/14\/freiwilligkeit-genugt-nicht-wef-agenda-2030\/\">&#8220;Freiwilligkeit gen\u00fcgt nicht&#8221;-WEF-Agenda 2030<\/a><\/li>\n<li><div class=\"wp-block-latest-posts__featured-image\"><a href=\"https:\/\/www.rtvmeinverein.at\/index.php\/2023\/08\/01\/klaus-schwab-prahlt\/\" aria-label=\"Klaus Schwab prahlt\"><img width=\"300\" height=\"200\" src=\"https:\/\/www.rtvmeinverein.at\/wp-content\/uploads\/2023\/08\/Ahnte-nicht_mp4_20230801_104558.865-e1690879614879-300x200.jpg\" class=\"attachment-medium size-medium wp-post-image\" alt=\"\" decoding=\"async\" loading=\"lazy\" style=\"max-width:300px;max-height:150px;\" srcset=\"https:\/\/www.rtvmeinverein.at\/wp-content\/uploads\/2023\/08\/Ahnte-nicht_mp4_20230801_104558.865-e1690879614879-300x200.jpg 300w, https:\/\/www.rtvmeinverein.at\/wp-content\/uploads\/2023\/08\/Ahnte-nicht_mp4_20230801_104558.865-e1690879614879.jpg 432w\" sizes=\"(max-width: 300px) 100vw, 300px\" \/><\/a><\/div><a class=\"wp-block-latest-posts__post-title\" href=\"https:\/\/www.rtvmeinverein.at\/index.php\/2023\/08\/01\/klaus-schwab-prahlt\/\">Klaus Schwab prahlt<\/a><\/li>\n<li><div class=\"wp-block-latest-posts__featured-image\"><a href=\"https:\/\/www.rtvmeinverein.at\/index.php\/2023\/07\/25\/die-einflussnahme-von-ngos-auf-die-politik\/\" aria-label=\"Die Einflussnahme von NGOs auf die Politik\"><img width=\"300\" height=\"201\" src=\"https:\/\/www.rtvmeinverein.at\/wp-content\/uploads\/2023\/07\/George_Soros_-_World_Economic_Forum_Annual_Meeting_2011.jpg\" class=\"attachment-medium size-medium wp-post-image\" alt=\"\" decoding=\"async\" loading=\"lazy\" style=\"max-width:300px;max-height:150px;\" \/><\/a><\/div><a class=\"wp-block-latest-posts__post-title\" href=\"https:\/\/www.rtvmeinverein.at\/index.php\/2023\/07\/25\/die-einflussnahme-von-ngos-auf-die-politik\/\">Die Einflussnahme von NGOs auf die Politik<\/a><\/li>\n<li><div class=\"wp-block-latest-posts__featured-image\"><a href=\"https:\/\/www.rtvmeinverein.at\/index.php\/2023\/07\/20\/plan-des-wef-ende-des-individualverkehrs-ernahrungs-und-energiewende\/\" aria-label=\"Plan des WEF: Ende des Individualverkehrs, Ern\u00e4hrungs- und Energiewende\"><img width=\"300\" height=\"200\" src=\"https:\/\/www.rtvmeinverein.at\/wp-content\/uploads\/2023\/07\/640px-Southern_Motorway_Auckland_traffic_-_copyright-free_photo_released_to_public_domain.jpg\" class=\"attachment-medium size-medium wp-post-image\" alt=\"\" decoding=\"async\" loading=\"lazy\" style=\"max-width:300px;max-height:150px;\" \/><\/a><\/div><a class=\"wp-block-latest-posts__post-title\" href=\"https:\/\/www.rtvmeinverein.at\/index.php\/2023\/07\/20\/plan-des-wef-ende-des-individualverkehrs-ernahrungs-und-energiewende\/\">Plan des WEF: Ende des Individualverkehrs, Ern\u00e4hrungs- und Energiewende<\/a><\/li>\n<li><div class=\"wp-block-latest-posts__featured-image\"><a href=\"https:\/\/www.rtvmeinverein.at\/index.php\/2023\/06\/05\/staatliche-souveranitat-muss-who-und-wef-weichen\/\" aria-label=\"Staatliche Souver\u00e4nit\u00e4t muss WHO und WEF weichen\"><img width=\"300\" height=\"200\" src=\"https:\/\/www.rtvmeinverein.at\/wp-content\/uploads\/2023\/06\/World_Economic_Forum_Founder_Schwab_Introduces_Secretary_Kerry_Before_He_Delivers_Keynote_Address_in_Switzerland_24454755201.jpg\" class=\"attachment-medium size-medium wp-post-image\" alt=\"\" decoding=\"async\" loading=\"lazy\" style=\"max-width:300px;max-height:150px;\" \/><\/a><\/div><a class=\"wp-block-latest-posts__post-title\" href=\"https:\/\/www.rtvmeinverein.at\/index.php\/2023\/06\/05\/staatliche-souveranitat-muss-who-und-wef-weichen\/\">Staatliche Souver\u00e4nit\u00e4t muss WHO und WEF weichen<\/a><\/li>\n<li><div class=\"wp-block-latest-posts__featured-image\"><a href=\"https:\/\/www.rtvmeinverein.at\/index.php\/2023\/06\/05\/wef-mitglied-gegen-osterreichs-festhalten-an-der-neutralitat\/\" aria-label=\"WEF-Mitglied gegen \u00d6sterreichs Festhalten an der Neutralit\u00e4t\"><img width=\"300\" height=\"200\" src=\"https:\/\/www.rtvmeinverein.at\/wp-content\/uploads\/2023\/05\/Angelobung_Johannes_Rauch_cc_Credit_Karo_Pernegger_Die_Grunen_51926067404.jpg\" class=\"attachment-medium size-medium wp-post-image\" alt=\"\" decoding=\"async\" loading=\"lazy\" style=\"max-width:300px;max-height:150px;\" \/><\/a><\/div><a class=\"wp-block-latest-posts__post-title\" href=\"https:\/\/www.rtvmeinverein.at\/index.php\/2023\/06\/05\/wef-mitglied-gegen-osterreichs-festhalten-an-der-neutralitat\/\">WEF-Mitglied gegen \u00d6sterreichs Festhalten an der Neutralit\u00e4t<\/a><\/li>\n<li><div class=\"wp-block-latest-posts__featured-image\"><a href=\"https:\/\/www.rtvmeinverein.at\/index.php\/2023\/06\/05\/der-digitale-euro-zukunftiger-kontrollverlust-uber-das-eigene-geld\/\" aria-label=\"Der digitale Euro: Zuk\u00fcnftiger Kontrollverlust \u00fcber das eigene Geld?\"><img width=\"300\" height=\"225\" src=\"https:\/\/www.rtvmeinverein.at\/wp-content\/uploads\/2023\/04\/Euro_coins_and_banknotes.jpg\" class=\"attachment-medium size-medium wp-post-image\" alt=\"\" decoding=\"async\" loading=\"lazy\" style=\"max-width:300px;max-height:150px;\" \/><\/a><\/div><a class=\"wp-block-latest-posts__post-title\" href=\"https:\/\/www.rtvmeinverein.at\/index.php\/2023\/06\/05\/der-digitale-euro-zukunftiger-kontrollverlust-uber-das-eigene-geld\/\">Der digitale Euro: Zuk\u00fcnftiger Kontrollverlust \u00fcber das eigene Geld?<\/a><\/li>\n<\/ul>","protected":false},"excerpt":{"rendered":"","protected":false},"author":1,"featured_media":0,"parent":0,"menu_order":0,"comment_status":"closed","ping_status":"closed","template":"","meta":[],"_links":{"self":[{"href":"https:\/\/www.rtvmeinverein.at\/index.php\/wp-json\/wp\/v2\/pages\/389"}],"collection":[{"href":"https:\/\/www.rtvmeinverein.at\/index.php\/wp-json\/wp\/v2\/pages"}],"about":[{"href":"https:\/\/www.rtvmeinverein.at\/index.php\/wp-json\/wp\/v2\/types\/page"}],"author":[{"embeddable":true,"href":"https:\/\/www.rtvmeinverein.at\/index.php\/wp-json\/wp\/v2\/users\/1"}],"replies":[{"embeddable":true,"href":"https:\/\/www.rtvmeinverein.at\/index.php\/wp-json\/wp\/v2\/comments?post=389"}],"version-history":[{"count":2,"href":"https:\/\/www.rtvmeinverein.at\/index.php\/wp-json\/wp\/v2\/pages\/389\/revisions"}],"predecessor-version":[{"id":1110,"href":"https:\/\/www.rtvmeinverein.at\/index.php\/wp-json\/wp\/v2\/pages\/389\/revisions\/1110"}],"wp:attachment":[{"href":"https:\/\/www.rtvmeinverein.at\/index.php\/wp-json\/wp\/v2\/media?parent=389"}],"curies":[{"name":"wp","href":"https:\/\/api.w.org\/{rel}","templated":true}]}}